{"id":11,"date":"2021-11-04T15:10:10","date_gmt":"2021-11-04T18:10:10","guid":{"rendered":"https:\/\/prueba2021.inmune.cl\/?page_id=11"},"modified":"2021-11-26T15:02:30","modified_gmt":"2021-11-26T18:02:30","slug":"que-hacemos","status":"publish","type":"page","link":"https:\/\/prueba2021.inmune.cl\/?page_id=11","title":{"rendered":"Qu\u00e9 hacemos"},"content":{"rendered":"<p>[et_pb_section fb_built=\u00bb1&#8243; _builder_version=\u00bb4.12.1&#8243; _module_preset=\u00bbdefault\u00bb custom_padding=\u00bb22px||17px|||\u00bb global_module=\u00bb133&#8243; global_colors_info=\u00bb{}\u00bb][et_pb_row _builder_version=\u00bb4.12.1&#8243; _module_preset=\u00bbdefault\u00bb global_colors_info=\u00bb{}\u00bb][et_pb_column type=\u00bb4_4&#8243; _builder_version=\u00bb4.12.1&#8243; _module_preset=\u00bbdefault\u00bb global_colors_info=\u00bb{}\u00bb][et_pb_post_title meta=\u00bboff\u00bb featured_image=\u00bboff\u00bb _builder_version=\u00bb4.12.1&#8243; _module_preset=\u00bbdefault\u00bb title_font=\u00bb|700|||||||\u00bb title_text_color=\u00bb#15B4B1&#8243; text_orientation=\u00bbcenter\u00bb global_colors_info=\u00bb{}\u00bb][\/et_pb_post_title][\/et_pb_column][\/et_pb_row][\/et_pb_section][et_pb_section fb_built=\u00bb1&#8243; next_background_color=\u00bb#f4f4f4&#8243; _builder_version=\u00bb4.12.1&#8243; _module_preset=\u00bbdefault\u00bb bottom_divider_style=\u00bbarrow\u00bb global_colors_info=\u00bb{}\u00bb][et_pb_row column_structure=\u00bb1_2,1_2&#8243; _builder_version=\u00bb4.12.1&#8243; _module_preset=\u00bbdefault\u00bb global_colors_info=\u00bb{}\u00bb][et_pb_column type=\u00bb1_2&#8243; _builder_version=\u00bb4.12.1&#8243; _module_preset=\u00bbdefault\u00bb global_colors_info=\u00bb{}\u00bb][et_pb_text _builder_version=\u00bb4.12.1&#8243; _module_preset=\u00bbdefault\u00bb header_3_font=\u00bb|700|||||||\u00bb header_3_text_color=\u00bb#15B4B1&#8243; global_colors_info=\u00bb{}\u00bb]<\/p>\n<h3>Gesti\u00f3n integral del ausentismo<\/h3>\n<p>Reducci\u00f3n de ausentismo laboral y<br \/>aumento de productividad<\/p>\n<p>[\/et_pb_text][et_pb_image src=\u00bbhttps:\/\/prueba2021.inmune.cl\/wp-content\/uploads\/2021\/11\/flujo-2.svg\u00bb title_text=\u00bbflujo-2&#8243; _builder_version=\u00bb4.12.1&#8243; _module_preset=\u00bbdefault\u00bb global_colors_info=\u00bb{}\u00bb][\/et_pb_image][\/et_pb_column][et_pb_column type=\u00bb1_2&#8243; _builder_version=\u00bb4.12.1&#8243; _module_preset=\u00bbdefault\u00bb global_colors_info=\u00bb{}\u00bb][et_pb_text _builder_version=\u00bb4.12.1&#8243; _module_preset=\u00bbdefault\u00bb header_3_font=\u00bb|700|||||||\u00bb header_3_text_color=\u00bb#15B4B1&#8243; global_colors_info=\u00bb{}\u00bb]<\/p>\n<h3>\u00bfC\u00f3mo lo hacemos?<\/h3>\n<p>[\/et_pb_text][et_pb_accordion open_toggle_text_color=\u00bb#15B4B1&#8243; _builder_version=\u00bb4.12.1&#8243; _module_preset=\u00bbdefault\u00bb toggle_font=\u00bb|700|||||||\u00bb border_radii=\u00bbon|8px|8px|8px|8px\u00bb global_colors_info=\u00bb{}\u00bb][et_pb_accordion_item title=\u00bbIntegrar\u00bb open=\u00bbon\u00bb _builder_version=\u00bb4.12.1&#8243; _module_preset=\u00bbdefault\u00bb global_colors_info=\u00bb{}\u00bb]<\/p>\n<p>Ausentismo hist\u00f3rico (estacionalidad, m\u00e9dicos, duraci\u00f3n de licencias, entre otros).<br \/>M\u00f3dulos internos de gesti\u00f3n (ERP, SAP, IMED).<br \/>Data hist\u00f3rica de colaboradores (d\u00edas de licencias, vacaciones, empalmes, entre otro=.<br \/>Vinculaci\u00f3n datos \u00e1reas relacionadas (prevenci\u00f3n riesgos, calidad de vida, entre otros).<\/p>\n<p>[\/et_pb_accordion_item][et_pb_accordion_item title=\u00bbAnalizar\u00bb _builder_version=\u00bb4.12.1&#8243; _module_preset=\u00bbdefault\u00bb global_colors_info=\u00bb{}\u00bb open=\u00bboff\u00bb]<\/p>\n<ul>\n<li><span>Estudio de ausentismo<\/span><\/li>\n<li><span>KPI de ausentismo en tiempo real<\/span><\/li>\n<li><span>Valorizar ausentismo<\/span><\/li>\n<li><span>Patrones anormales colaboradores<\/span><\/li>\n<li><span>Patrones anormales m\u00e9dicos<\/span><\/li>\n<\/ul>\n<p>[\/et_pb_accordion_item][et_pb_accordion_item title=\u00bbAccionar\u00bb _builder_version=\u00bb4.12.1&#8243; _module_preset=\u00bbdefault\u00bb global_colors_info=\u00bb{}\u00bb open=\u00bboff\u00bb]<\/p>\n<ul>\n<li><span>Capacitaciones para generar cambio conductual.<\/span><\/li>\n<li><span>Campa\u00f1as comunicacionales<\/span><\/li>\n<li><span>Generaci\u00f3n de grupos de control<\/span><\/li>\n<li><span>Alertas en tiempo real de licencias m\u00e9dicas injustificadas<\/span><\/li>\n<li><span>Visitas domiciliarias.<\/span><\/li>\n<li><span>Gesti\u00f3n legal empleador (notificaciones y asesor\u00edas).<\/span><\/li>\n<li><span>Gesti\u00f3n comunicaciones y legal contra m\u00e9dicos irregulares que impacten en la empresa.<\/span><\/li>\n<li><span>Coordinaci\u00f3n con entidades p\u00fablicas y privadas.<\/span><\/li>\n<li><span>Asesor\u00eda legal trabajador como un beneficio.<\/span><\/li>\n<li><span>Actividades de prevenci\u00f3n de enfermedades<\/span><\/li>\n<li><span>Generaci\u00f3n de material educativo<\/span><\/li>\n<li><span>An\u00e1lisis y reporter\u00eda customizada para RRHH<\/span><\/li>\n<li>Asesor\u00eda en salud mental para colaboradores<\/li>\n<\/ul>\n<p>[\/et_pb_accordion_item][\/et_pb_accordion][\/et_pb_column][\/et_pb_row][\/et_pb_section][et_pb_section fb_built=\u00bb1&#8243; _builder_version=\u00bb4.12.1&#8243; _module_preset=\u00bbdefault\u00bb background_color=\u00bb#f4f4f4&#8243; global_colors_info=\u00bb{}\u00bb][et_pb_row column_structure=\u00bb1_2,1_2&#8243; _builder_version=\u00bb4.12.1&#8243; _module_preset=\u00bbdefault\u00bb global_colors_info=\u00bb{}\u00bb][et_pb_column type=\u00bb1_2&#8243; _builder_version=\u00bb4.12.1&#8243; _module_preset=\u00bbdefault\u00bb global_colors_info=\u00bb{}\u00bb][et_pb_text _builder_version=\u00bb4.12.1&#8243; _module_preset=\u00bbdefault\u00bb header_3_font=\u00bb|700|||||||\u00bb header_3_text_color=\u00bb#15B4B1&#8243; global_colors_info=\u00bb{}\u00bb]<\/p>\n<h3>Software<br \/>Control Ausentismo<\/h3>\n<h4><a href=\"https:\/\/prueba2021.inmune.cl\/wp-content\/uploads\/2021\/11\/swi-s.svg\"><img loading=\"lazy\" decoding=\"async\" src=\"https:\/\/prueba2021.inmune.cl\/wp-content\/uploads\/2021\/11\/swi-s.svg\" width=\"148\" height=\"38\" alt=\"\" class=\"wp-image-333 alignnone size-medium\" srcset=\"https:\/\/prueba2021.inmune.cl\/wp-content\/uploads\/2021\/11\/swi-s.svg 148w, https:\/\/prueba2021.inmune.cl\/wp-content\/uploads\/2021\/11\/swi-s.svg 0w\" sizes=\"auto, (min-width: 0px) and (max-width: 0px) 0px, (min-width: 1px) 148px, 100vw\" \/><\/a><\/h4>\n<p><strong><\/strong><\/p>\n<p><strong>SWI es el Software Inmune, una plataforma dise\u00f1ada especialmente para el control, monitoreo y gesti\u00f3n del ausentismo.<\/strong><\/p>\n<p>Carga autom\u00e1ticamente los motivos de las ausencias: Licencias, Fallas, Permisos y Vacaciones.<\/p>\n<p>[\/et_pb_text][\/et_pb_column][et_pb_column type=\u00bb1_2&#8243; _builder_version=\u00bb4.12.1&#8243; _module_preset=\u00bbdefault\u00bb global_colors_info=\u00bb{}\u00bb][et_pb_image src=\u00bbhttps:\/\/prueba2021.inmune.cl\/wp-content\/uploads\/2021\/11\/inmune-mockup.png\u00bb title_text=\u00bbinmune-mockup\u00bb align=\u00bbcenter\u00bb _builder_version=\u00bb4.12.1&#8243; _module_preset=\u00bbdefault\u00bb width=\u00bb76%\u00bb global_colors_info=\u00bb{}\u00bb][\/et_pb_image][\/et_pb_column][\/et_pb_row][\/et_pb_section][et_pb_section fb_built=\u00bb1&#8243; _builder_version=\u00bb4.12.1&#8243; _module_preset=\u00bbdefault\u00bb background_image=\u00bbhttps:\/\/prueba2021.inmune.cl\/wp-content\/uploads\/2021\/11\/fondo-verde.jpg\u00bb global_colors_info=\u00bb{}\u00bb][et_pb_row _builder_version=\u00bb4.12.1&#8243; _module_preset=\u00bbdefault\u00bb global_colors_info=\u00bb{}\u00bb][et_pb_column type=\u00bb4_4&#8243; _builder_version=\u00bb4.12.1&#8243; _module_preset=\u00bbdefault\u00bb global_colors_info=\u00bb{}\u00bb][et_pb_text _builder_version=\u00bb4.12.1&#8243; _module_preset=\u00bbdefault\u00bb header_3_font=\u00bb|700|||||||\u00bb header_3_text_color=\u00bb#FFFFFF\u00bb global_colors_info=\u00bb{}\u00bb]<\/p>\n<h3 style=\"text-align: center;\">Panel de 25 indicadores en tiempo real<\/h3>\n<p>[\/et_pb_text][\/et_pb_column][\/et_pb_row][et_pb_row column_structure=\u00bb1_3,2_3&#8243; _builder_version=\u00bb4.12.1&#8243; _module_preset=\u00bbdefault\u00bb global_colors_info=\u00bb{}\u00bb][et_pb_column type=\u00bb1_3&#8243; _builder_version=\u00bb4.12.1&#8243; _module_preset=\u00bbdefault\u00bb global_colors_info=\u00bb{}\u00bb][et_pb_image src=\u00bbhttps:\/\/prueba2021.inmune.cl\/wp-content\/uploads\/2021\/11\/icon-3.svg\u00bb title_text=\u00bbicon-3&#8243; _builder_version=\u00bb4.12.1&#8243; _module_preset=\u00bbdefault\u00bb global_colors_info=\u00bb{}\u00bb][\/et_pb_image][\/et_pb_column][et_pb_column type=\u00bb2_3&#8243; _builder_version=\u00bb4.12.1&#8243; _module_preset=\u00bbdefault\u00bb global_colors_info=\u00bb{}\u00bb][et_pb_text _builder_version=\u00bb4.12.1&#8243; _module_preset=\u00bbdefault\u00bb text_font=\u00bb|700|||||||\u00bb text_text_color=\u00bb#FFFFFF\u00bb global_colors_info=\u00bb{}\u00bb]<\/p>\n<p>&#8211; Evoluci\u00f3n del ausentismo de la compa\u00f1\u00eda.<\/p>\n<p>&#8211; Grupo de control de personas que presentan mayor cantidad de licencias m\u00e9dicas.<\/p>\n<p>&#8211; Ranking de m\u00e9dicos que emiten mayor cantidad de licencias a trabajadores de la empresa.<\/p>\n<p>&#8211; Alerta en tiempo real de licencias irregulares y sugerencias de visitas domiciliarias.<\/p>\n<p>&#8211; Seguimiento de casos legales administrativos.<\/p>\n<p>&#8211; Informes de visitas domiciliarias.<\/p>\n<p>&#8211; Ficha de cada colaborador con historial de licencias m\u00e9dicas y doctores asociados.<\/p>\n<p>&#8211; Fallas, permisos y vacaciones de cada trabajador hist\u00f3ricamente.<\/p>\n<p>[\/et_pb_text][\/et_pb_column][\/et_pb_row][\/et_pb_section][et_pb_section fb_built=\u00bb1&#8243; _builder_version=\u00bb4.12.1&#8243; _module_preset=\u00bbdefault\u00bb background_image=\u00bbhttps:\/\/prueba2021.inmune.cl\/wp-content\/uploads\/2021\/11\/llamado1.jpg\u00bb global_module=\u00bb112&#8243; global_colors_info=\u00bb{}\u00bb][et_pb_row _builder_version=\u00bb4.12.1&#8243; _module_preset=\u00bbdefault\u00bb global_colors_info=\u00bb{}\u00bb][et_pb_column type=\u00bb4_4&#8243; _builder_version=\u00bb4.12.1&#8243; _module_preset=\u00bbdefault\u00bb global_colors_info=\u00bb{}\u00bb][et_pb_text _builder_version=\u00bb4.12.1&#8243; _module_preset=\u00bbdefault\u00bb header_3_font=\u00bb|700|||||||\u00bb header_3_text_color=\u00bb#FFFFFF\u00bb text_text_shadow_style=\u00bbpreset3&#8243; global_colors_info=\u00bb{}\u00bb]<\/p>\n<h3 style=\"text-align: center;\">\u00bfQuieres saber m\u00e1s?<\/h3>\n<p>[\/et_pb_text][et_pb_button button_url=\u00bb@ET-DC@eyJkeW5hbWljIjp0cnVlLCJjb250ZW50IjoicG9zdF9saW5rX3VybF9wYWdlIiwic2V0dGluZ3MiOnsicG9zdF9pZCI6IjIwIn19@\u00bb button_text=\u00bbCont\u00e1ctanos\u00bb button_alignment=\u00bbcenter\u00bb _builder_version=\u00bb4.12.1&#8243; _dynamic_attributes=\u00bbbutton_url\u00bb _module_preset=\u00bbdefault\u00bb custom_button=\u00bbon\u00bb button_text_color=\u00bb#FFFFFF\u00bb button_bg_color=\u00bb#15B4B1&#8243; button_bg_use_color_gradient=\u00bbon\u00bb button_bg_color_gradient_start=\u00bb#15b4b1&#8243; button_bg_color_gradient_end=\u00bb#247f7f\u00bb button_border_width=\u00bb0px\u00bb button_border_radius=\u00bb3px\u00bb button_font=\u00bb|700|||||||\u00bb background_layout=\u00bbdark\u00bb global_colors_info=\u00bb{}\u00bb][\/et_pb_button][\/et_pb_column][\/et_pb_row][\/et_pb_section]<\/p>\n","protected":false},"excerpt":{"rendered":"<p>Gesti\u00f3n integral del ausentismo Reducci\u00f3n de ausentismo laboral yaumento de productividad\u00bfC\u00f3mo lo hacemos?Ausentismo hist\u00f3rico (estacionalidad, m\u00e9dicos, duraci\u00f3n de licencias, entre otros).M\u00f3dulos internos de gesti\u00f3n (ERP, SAP, IMED).Data hist\u00f3rica de colaboradores (d\u00edas de licencias, vacaciones, empalmes, entre otro=.Vinculaci\u00f3n datos \u00e1reas relacionadas (prevenci\u00f3n riesgos, calidad de vida, entre otros). Estudio de ausentismo KPI de ausentismo en tiempo [&hellip;]<\/p>\n","protected":false},"author":1,"featured_media":0,"parent":0,"menu_order":0,"comment_status":"closed","ping_status":"closed","template":"","meta":{"_et_pb_use_builder":"on","_et_pb_old_content":"<!-- wp:divi\/placeholder \/-->","_et_gb_content_width":"","footnotes":""},"class_list":["post-11","page","type-page","status-publish","hentry"],"_links":{"self":[{"href":"https:\/\/prueba2021.inmune.cl\/index.php?rest_route=\/wp\/v2\/pages\/11","targetHints":{"allow":["GET"]}}],"collection":[{"href":"https:\/\/prueba2021.inmune.cl\/index.php?rest_route=\/wp\/v2\/pages"}],"about":[{"href":"https:\/\/prueba2021.inmune.cl\/index.php?rest_route=\/wp\/v2\/types\/page"}],"author":[{"embeddable":true,"href":"https:\/\/prueba2021.inmune.cl\/index.php?rest_route=\/wp\/v2\/users\/1"}],"replies":[{"embeddable":true,"href":"https:\/\/prueba2021.inmune.cl\/index.php?rest_route=%2Fwp%2Fv2%2Fcomments&post=11"}],"version-history":[{"count":15,"href":"https:\/\/prueba2021.inmune.cl\/index.php?rest_route=\/wp\/v2\/pages\/11\/revisions"}],"predecessor-version":[{"id":369,"href":"https:\/\/prueba2021.inmune.cl\/index.php?rest_route=\/wp\/v2\/pages\/11\/revisions\/369"}],"wp:attachment":[{"href":"https:\/\/prueba2021.inmune.cl\/index.php?rest_route=%2Fwp%2Fv2%2Fmedia&parent=11"}],"curies":[{"name":"wp","href":"https:\/\/api.w.org\/{rel}","templated":true}]}}